{"id":57,"date":"2014-06-02T09:46:29","date_gmt":"2014-06-02T07:46:29","guid":{"rendered":"https:\/\/alumni.lerbermatt.ch\/?page_id=57"},"modified":"2024-04-21T12:29:20","modified_gmt":"2024-04-21T10:29:20","slug":"verein","status":"publish","type":"page","link":"https:\/\/alumni.lerbermatt.ch\/?page_id=57","title":{"rendered":"Verein"},"content":{"rendered":"<p>Alumni Gymnasium K\u00f6niz-Lerbermatt ist ein gemeinn\u00fctziger Verein, welcher sich zum Ziel gesetzt hat, einerseits die aktuellen Sch\u00fcler zu unterst\u00fctzen, indem zum Beispiel Schulprojekte mitfinanziert werden, andererseits die Vernetzung unter den Ehemaligen zu pflegen und zu f\u00f6rdern.<\/p>\n<p>Du hast am Gymnasium K\u00f6niz-Lerbermatt, dem LehrerInnenseminar Lerbermatt oder am Gymnasium K\u00f6niz einen Abschluss erreicht? Du hast dort unterrichtet oder bist sonst wie mit der Institution verbunden? Du magst gesellige Veranstaltungen mit intellektuellem Gehalt, Spass und willst einen Beitrag zum gegenw\u00e4rtigen Schulklima leisten? Oder du m\u00f6chtest ganz einfach deine Freundinnen und Freunde aus der Gymnasialzeit wieder einmal treffen und w\u00fcnschst dir Hilfe, diese wiederzufinden oder f\u00fcr den Anlass eine passende Lokalit\u00e4t im Gymer zu organisieren? Dann trete noch heute dem Verein Alumni Gymnasium K\u00f6niz-Lerbermatt bei und profitiere von:<\/p>\n<ul>\n<li>Unserer zentralen Mitgliederdatenbank<\/li>\n<li>Verg\u00fcnstigungen und Zusatzleistungen bei ausgew\u00e4hlten Veranstaltungen des Gymnasiums<\/li>\n<li>Unserem E-Newsletter, der dich auf dem Laufenden h\u00e4lt<\/li>\n<li>Einer j\u00e4hrlichen ansprechenden Mitgliederversammlung; der einfachen Gelegenheit, eingerostete Bekanntschaften wieder aufzufrischen<\/li>\n<li>Der M\u00f6glichkeit, dich unkompliziert f\u00fcr die Schule engagieren zu k\u00f6nnen, sei es durch deine Mitgliedschaft oder gesch\u00e4tzte Freiwilligenarbeit<\/li>\n<\/ul>\n<p>Es erwartet dich ein junger, dynamischer und enthusiastischer Verein. Wir sind \u00fcberzeugt, Menschen mit unterschiedlichsten Profilen zusammenzubringen und f\u00fcr die gesamte Bandbreite an Bed\u00fcrfnissen etwas bieten zu k\u00f6nnen!<\/p>\n<p>Bis bald!<\/p>\n<p>Der Vorstand<\/p>\n<p><a href=\"https:\/\/alumni.lerbermatt.ch\/wp-content\/uploads\/2020\/10\/Vereinsstatuten_Neu.pdf\">Vereinsstatuten (PDF)<\/a><\/p>\n","protected":false},"excerpt":{"rendered":"<p>Alumni Gymnasium K\u00f6niz-Lerbermatt ist ein gemeinn\u00fctziger Verein, welcher sich zum Ziel gesetzt hat, einerseits die aktuellen Sch\u00fcler zu unterst\u00fctzen, indem zum Beispiel Schulprojekte mitfinanziert werden, andererseits die Vernetzung unter den Ehemaligen zu pflegen und zu f\u00f6rdern. Du hast am Gymnasium K\u00f6niz-Lerbermatt, dem LehrerInnenseminar Lerbermatt oder am Gymnasium K\u00f6niz einen Abschluss erreicht? Du hast dort unterrichtet [&hellip;]<\/p>\n","protected":false},"author":1,"featured_media":0,"parent":0,"menu_order":2,"comment_status":"closed","ping_status":"closed","template":"","meta":{"footnotes":""},"_links":{"self":[{"href":"https:\/\/alumni.lerbermatt.ch\/index.php?rest_route=\/wp\/v2\/pages\/57"}],"collection":[{"href":"https:\/\/alumni.lerbermatt.ch\/index.php?rest_route=\/wp\/v2\/pages"}],"about":[{"href":"https:\/\/alumni.lerbermatt.ch\/index.php?rest_route=\/wp\/v2\/types\/page"}],"author":[{"embeddable":true,"href":"https:\/\/alumni.lerbermatt.ch\/index.php?rest_route=\/wp\/v2\/users\/1"}],"replies":[{"embeddable":true,"href":"https:\/\/alumni.lerbermatt.ch\/index.php?rest_route=%2Fwp%2Fv2%2Fcomments&post=57"}],"version-history":[{"count":16,"href":"https:\/\/alumni.lerbermatt.ch\/index.php?rest_route=\/wp\/v2\/pages\/57\/revisions"}],"predecessor-version":[{"id":490,"href":"https:\/\/alumni.lerbermatt.ch\/index.php?rest_route=\/wp\/v2\/pages\/57\/revisions\/490"}],"wp:attachment":[{"href":"https:\/\/alumni.lerbermatt.ch\/index.php?rest_route=%2Fwp%2Fv2%2Fmedia&parent=57"}],"curies":[{"name":"wp","href":"https:\/\/api.w.org\/{rel}","templated":true}]}}